{"id":1337,"date":"2022-02-10T10:04:48","date_gmt":"2022-02-10T10:04:48","guid":{"rendered":"https:\/\/www.afroscreen.org\/contact\/"},"modified":"2022-04-05T15:04:38","modified_gmt":"2022-04-05T15:04:38","slug":"contact","status":"publish","type":"page","link":"https:\/\/www.afroscreen.org\/en\/contact\/","title":{"rendered":"Contact"},"content":{"rendered":"    <!-----contact main section------>\n    <section class=\"contact-main\">\n        <div class=\"container\">\n            <div class=\"contact-main-content\">\n                <div class=\"row\">\n                    <div class=\"col-lg-6 mb-4 mb-lg-0\">\n                        <h1>Contact us<\/h1>\n                        <h1 class=\"sr-only sr-only-focusable m-0\"><\/h1>\n                        <p>To contact the general coordination of the AFROSCREEN project, please use the form below.<\/p>\n                        <!--screen reder text -->\n                        <p class=\"sr-only sr-only-focusable m-0\"><\/p>\n                    <\/div>\n                    <div class=\"col-lg-6 mb-4 mb-lg-0 _cpr\">\n                        <img decoding=\"async\" src=\"https:\/\/www.afroscreen.org\/wp-content\/uploads\/2022\/04\/contact-AFROSCREEN-1.jpg\" alt=\"\">\n                    <\/div>\n                <\/div>\n            <\/div>\n        <\/div>\n    <\/section>\n\n  <!-----contact form------>\n  <section class=\"container  _cpr\">\n        <div class=\"contact-form\">\n            <div class=\"form-content-area section-space\">\n                                            \n<div class=\"wpcf7 no-js\" id=\"wpcf7-f1449-o1\" lang=\"en-US\" dir=\"ltr\" data-wpcf7-id=\"1449\">\n<div class=\"screen-reader-response\"><p role=\"status\" aria-live=\"polite\" aria-atomic=\"true\"><\/p> <ul><\/ul><\/div>\n<form action=\"\/en\/wp-json\/wp\/v2\/pages\/1337#wpcf7-f1449-o1\" method=\"post\" class=\"wpcf7-form init\" aria-label=\"Contact form\" novalidate=\"novalidate\" data-status=\"init\">\n<fieldset class=\"hidden-fields-container\"><input type=\"hidden\" name=\"_wpcf7\" value=\"1449\" \/><input type=\"hidden\" name=\"_wpcf7_version\" value=\"6.1.5\" \/><input type=\"hidden\" name=\"_wpcf7_locale\" value=\"en_US\" \/><input type=\"hidden\" name=\"_wpcf7_unit_tag\" value=\"wpcf7-f1449-o1\" \/><input type=\"hidden\" name=\"_wpcf7_container_post\" value=\"0\" \/><input type=\"hidden\" name=\"_wpcf7_posted_data_hash\" value=\"\" \/>\n<\/fieldset>\n<div class=\"row mb-4\">\n\t<div class=\"col-md-6\">\n\t\t<p><span class=\"wpcf7-form-control-wrap\" data-name=\"selectcivilit\"><select class=\"wpcf7-form-control wpcf7-select wpcf7-validates-as-required form-control\" aria-required=\"true\" aria-invalid=\"false\" name=\"selectcivilit\"><option value=\"Civility*\">Civility*<\/option><option value=\"Mrs\">Mrs<\/option><option value=\"Mr.\">Mr.<\/option><option value=\"Civility*\">Civility*<\/option><\/select><\/span><span class=\"wpcf7-form-control-wrap\" data-name=\"first_name\"><input size=\"40\" maxlength=\"400\" class=\"wpcf7-form-control wpcf7-text wpcf7-validates-as-required form-control\" aria-required=\"true\" aria-invalid=\"false\" placeholder=\"First name*\" value=\"\" type=\"text\" name=\"first_name\" \/><\/span><span class=\"wpcf7-form-control-wrap\" data-name=\"last_name\"><input size=\"40\" maxlength=\"400\" class=\"wpcf7-form-control wpcf7-text wpcf7-validates-as-required form-control\" aria-required=\"true\" aria-invalid=\"false\" placeholder=\"Last Name*\" value=\"\" type=\"text\" name=\"last_name\" \/><\/span><span class=\"wpcf7-form-control-wrap\" data-name=\"your-email\"><input size=\"40\" maxlength=\"400\" class=\"wpcf7-form-control wpcf7-email wpcf7-validates-as-required wpcf7-text wpcf7-validates-as-email form-control\" aria-required=\"true\" aria-invalid=\"false\" value=\"Email*\" type=\"email\" name=\"your-email\" \/><\/span>\n\t\t<\/p>\n\t<\/div>\n\t<div class=\"col-md-6 mt-5 mt-md-0\">\n\t\t<p><span class=\"wpcf7-form-control-wrap\" data-name=\"selectobjet\"><select class=\"wpcf7-form-control wpcf7-select form-control\" aria-invalid=\"false\" name=\"selectobjet\"><option value=\"Object\">Object<\/option><option value=\"Information request\">Information request<\/option><option value=\"Partnership request\">Partnership request<\/option><\/select><\/span><span class=\"wpcf7-form-control-wrap\" data-name=\"meassage\"><textarea cols=\"40\" rows=\"10\" maxlength=\"2000\" class=\"wpcf7-form-control wpcf7-textarea wpcf7-validates-as-required form-control\" aria-required=\"true\" aria-invalid=\"false\" placeholder=\"Message*\" name=\"meassage\"><\/textarea><\/span>\n\t\t<\/p>\n\t<\/div>\n<\/div>\n<div class=\"checkbox d-inline-flex\">\n\t<p><span class=\"wpcf7-form-control-wrap\" data-name=\"checkbox-683\"><span class=\"wpcf7-form-control wpcf7-checkbox wpcf7-validates-as-required\"><span class=\"wpcf7-list-item first last\"><label><input type=\"checkbox\" name=\"checkbox-683[]\" value=\"\" \/><span class=\"wpcf7-list-item-label\"><\/span><\/label><\/span><\/span><\/span>\n\t<\/p>\n\t<div class=\"checkbox-txt pl-3\">\n\t\t<p>I have read and acknowledge accepting the <a class=\"privacy-title\" title=\"privacy-title\" href=\"https:\/\/www.afroscreen.org\/en\/privacy-policy\/\" target=\"_blank\" rel=\"noopener noreferrer\">Privacy Policy<\/a> *\n\t\t<\/p>\n\t<\/div>\n<\/div>\n<p><input class=\"wpcf7-form-control wpcf7-submit has-spinner custom_btn\" type=\"submit\" value=\"SEND\" \/>\n<\/p><div class=\"wpcf7-response-output\" aria-hidden=\"true\"><\/div>\n<\/form>\n<\/div>\n                                       \n            <\/div>\n        <\/div>\n    <\/section>\n","protected":false},"excerpt":{"rendered":"","protected":false},"author":1,"featured_media":0,"parent":0,"menu_order":0,"comment_status":"closed","ping_status":"closed","template":"templates\/full-width-template.php","meta":{"_acf_changed":false,"footnotes":""},"class_list":["post-1337","page","type-page","status-publish","hentry"],"acf":[],"yoast_head":"<!-- This site is optimized with the Yoast SEO plugin v27.4 - https:\/\/yoast.com\/product\/yoast-seo-wordpress\/ -->\n<title>Contact - Afroscreen<\/title>\n<meta name=\"robots\" content=\"index, follow, max-snippet:-1, max-image-preview:large, max-video-preview:-1\" \/>\n<link rel=\"canonical\" href=\"https:\/\/www.afroscreen.org\/en\/contact\/\" \/>\n<meta property=\"og:locale\" content=\"en_US\" \/>\n<meta property=\"og:type\" content=\"article\" \/>\n<meta property=\"og:title\" content=\"Contact - Afroscreen\" \/>\n<meta property=\"og:url\" content=\"https:\/\/www.afroscreen.org\/en\/contact\/\" \/>\n<meta property=\"og:site_name\" content=\"Afroscreen\" \/>\n<meta property=\"article:modified_time\" content=\"2022-04-05T15:04:38+00:00\" \/>\n<meta name=\"twitter:card\" content=\"summary_large_image\" \/>\n<script type=\"application\/ld+json\" class=\"yoast-schema-graph\">{\"@context\":\"https:\\\/\\\/schema.org\",\"@graph\":[{\"@type\":\"WebPage\",\"@id\":\"https:\\\/\\\/www.afroscreen.org\\\/en\\\/contact\\\/\",\"url\":\"https:\\\/\\\/www.afroscreen.org\\\/en\\\/contact\\\/\",\"name\":\"Contact - Afroscreen\",\"isPartOf\":{\"@id\":\"https:\\\/\\\/www.afroscreen.org\\\/#website\"},\"datePublished\":\"2022-02-10T10:04:48+00:00\",\"dateModified\":\"2022-04-05T15:04:38+00:00\",\"breadcrumb\":{\"@id\":\"https:\\\/\\\/www.afroscreen.org\\\/en\\\/contact\\\/#breadcrumb\"},\"inLanguage\":\"en-US\",\"potentialAction\":[{\"@type\":\"ReadAction\",\"target\":[\"https:\\\/\\\/www.afroscreen.org\\\/en\\\/contact\\\/\"]}]},{\"@type\":\"BreadcrumbList\",\"@id\":\"https:\\\/\\\/www.afroscreen.org\\\/en\\\/contact\\\/#breadcrumb\",\"itemListElement\":[{\"@type\":\"ListItem\",\"position\":1,\"name\":\"Home\",\"item\":\"https:\\\/\\\/www.afroscreen.org\\\/en\\\/\"},{\"@type\":\"ListItem\",\"position\":2,\"name\":\"Contact\"}]},{\"@type\":\"WebSite\",\"@id\":\"https:\\\/\\\/www.afroscreen.org\\\/#website\",\"url\":\"https:\\\/\\\/www.afroscreen.org\\\/\",\"name\":\"Afroscreen\",\"description\":\"Renforcement des capacit\u00e9s de s\u00e9quen\u00e7age en Afrique\",\"publisher\":{\"@id\":\"https:\\\/\\\/www.afroscreen.org\\\/#organization\"},\"potentialAction\":[{\"@type\":\"SearchAction\",\"target\":{\"@type\":\"EntryPoint\",\"urlTemplate\":\"https:\\\/\\\/www.afroscreen.org\\\/?s={search_term_string}\"},\"query-input\":{\"@type\":\"PropertyValueSpecification\",\"valueRequired\":true,\"valueName\":\"search_term_string\"}}],\"inLanguage\":\"en-US\"},{\"@type\":\"Organization\",\"@id\":\"https:\\\/\\\/www.afroscreen.org\\\/#organization\",\"name\":\"Afroscreen\",\"url\":\"https:\\\/\\\/www.afroscreen.org\\\/\",\"logo\":{\"@type\":\"ImageObject\",\"inLanguage\":\"en-US\",\"@id\":\"https:\\\/\\\/www.afroscreen.org\\\/#\\\/schema\\\/logo\\\/image\\\/\",\"url\":\"https:\\\/\\\/www.afroscreen.org\\\/wp-content\\\/uploads\\\/2022\\\/02\\\/logo.png\",\"contentUrl\":\"https:\\\/\\\/www.afroscreen.org\\\/wp-content\\\/uploads\\\/2022\\\/02\\\/logo.png\",\"width\":269,\"height\":104,\"caption\":\"Afroscreen\"},\"image\":{\"@id\":\"https:\\\/\\\/www.afroscreen.org\\\/#\\\/schema\\\/logo\\\/image\\\/\"}}]}<\/script>\n<!-- \/ Yoast SEO plugin. -->","yoast_head_json":{"title":"Contact - Afroscreen","robots":{"index":"index","follow":"follow","max-snippet":"max-snippet:-1","max-image-preview":"max-image-preview:large","max-video-preview":"max-video-preview:-1"},"canonical":"https:\/\/www.afroscreen.org\/en\/contact\/","og_locale":"en_US","og_type":"article","og_title":"Contact - Afroscreen","og_url":"https:\/\/www.afroscreen.org\/en\/contact\/","og_site_name":"Afroscreen","article_modified_time":"2022-04-05T15:04:38+00:00","twitter_card":"summary_large_image","schema":{"@context":"https:\/\/schema.org","@graph":[{"@type":"WebPage","@id":"https:\/\/www.afroscreen.org\/en\/contact\/","url":"https:\/\/www.afroscreen.org\/en\/contact\/","name":"Contact - Afroscreen","isPartOf":{"@id":"https:\/\/www.afroscreen.org\/#website"},"datePublished":"2022-02-10T10:04:48+00:00","dateModified":"2022-04-05T15:04:38+00:00","breadcrumb":{"@id":"https:\/\/www.afroscreen.org\/en\/contact\/#breadcrumb"},"inLanguage":"en-US","potentialAction":[{"@type":"ReadAction","target":["https:\/\/www.afroscreen.org\/en\/contact\/"]}]},{"@type":"BreadcrumbList","@id":"https:\/\/www.afroscreen.org\/en\/contact\/#breadcrumb","itemListElement":[{"@type":"ListItem","position":1,"name":"Home","item":"https:\/\/www.afroscreen.org\/en\/"},{"@type":"ListItem","position":2,"name":"Contact"}]},{"@type":"WebSite","@id":"https:\/\/www.afroscreen.org\/#website","url":"https:\/\/www.afroscreen.org\/","name":"Afroscreen","description":"Renforcement des capacit\u00e9s de s\u00e9quen\u00e7age en Afrique","publisher":{"@id":"https:\/\/www.afroscreen.org\/#organization"},"potentialAction":[{"@type":"SearchAction","target":{"@type":"EntryPoint","urlTemplate":"https:\/\/www.afroscreen.org\/?s={search_term_string}"},"query-input":{"@type":"PropertyValueSpecification","valueRequired":true,"valueName":"search_term_string"}}],"inLanguage":"en-US"},{"@type":"Organization","@id":"https:\/\/www.afroscreen.org\/#organization","name":"Afroscreen","url":"https:\/\/www.afroscreen.org\/","logo":{"@type":"ImageObject","inLanguage":"en-US","@id":"https:\/\/www.afroscreen.org\/#\/schema\/logo\/image\/","url":"https:\/\/www.afroscreen.org\/wp-content\/uploads\/2022\/02\/logo.png","contentUrl":"https:\/\/www.afroscreen.org\/wp-content\/uploads\/2022\/02\/logo.png","width":269,"height":104,"caption":"Afroscreen"},"image":{"@id":"https:\/\/www.afroscreen.org\/#\/schema\/logo\/image\/"}}]}},"_links":{"self":[{"href":"https:\/\/www.afroscreen.org\/en\/wp-json\/wp\/v2\/pages\/1337","targetHints":{"allow":["GET"]}}],"collection":[{"href":"https:\/\/www.afroscreen.org\/en\/wp-json\/wp\/v2\/pages"}],"about":[{"href":"https:\/\/www.afroscreen.org\/en\/wp-json\/wp\/v2\/types\/page"}],"author":[{"embeddable":true,"href":"https:\/\/www.afroscreen.org\/en\/wp-json\/wp\/v2\/users\/1"}],"replies":[{"embeddable":true,"href":"https:\/\/www.afroscreen.org\/en\/wp-json\/wp\/v2\/comments?post=1337"}],"version-history":[{"count":17,"href":"https:\/\/www.afroscreen.org\/en\/wp-json\/wp\/v2\/pages\/1337\/revisions"}],"predecessor-version":[{"id":1785,"href":"https:\/\/www.afroscreen.org\/en\/wp-json\/wp\/v2\/pages\/1337\/revisions\/1785"}],"wp:attachment":[{"href":"https:\/\/www.afroscreen.org\/en\/wp-json\/wp\/v2\/media?parent=1337"}],"curies":[{"name":"wp","href":"https:\/\/api.w.org\/{rel}","templated":true}]}}